{"id":1325,"date":"2026-04-10T16:50:17","date_gmt":"2026-04-10T14:50:17","guid":{"rendered":"https:\/\/kurion.es\/?page_id=1325"},"modified":"2026-04-10T18:44:43","modified_gmt":"2026-04-10T16:44:43","slug":"chatgpt","status":"publish","type":"page","link":"https:\/\/centerstore.es\/index.php\/chatgpt\/","title":{"rendered":"chatgpt"},"content":{"rendered":"\t\t<div data-elementor-type=\"wp-page\" data-elementor-id=\"1325\" class=\"elementor elementor-1325\" data-elementor-post-type=\"page\">\n\t\t\t\t<div class=\"elementor-element elementor-element-225536c6 e-flex e-con-boxed e-con e-parent\" data-id=\"225536c6\" data-element_type=\"container\" data-e-type=\"container\">\n\t\t\t\t\t<div class=\"e-con-inner\">\n\t\t\t\t<div class=\"elementor-element elementor-element-448936eb elementor-widget elementor-widget-image\" data-id=\"448936eb\" data-element_type=\"widget\" data-e-type=\"widget\" data-widget_type=\"image.default\">\n\t\t\t\t\t\t\t\t\t\t\t\t\t\t\t<img fetchpriority=\"high\" decoding=\"async\" width=\"300\" height=\"300\" src=\"https:\/\/centerstore.es\/wp-content\/uploads\/2026\/04\/c-chat-300x300.jpg\" class=\"attachment-medium size-medium wp-image-1241\" alt=\"\" srcset=\"https:\/\/centerstore.es\/wp-content\/uploads\/2026\/04\/c-chat-300x300.jpg 300w, https:\/\/centerstore.es\/wp-content\/uploads\/2026\/04\/c-chat-1024x1024.jpg 1024w, https:\/\/centerstore.es\/wp-content\/uploads\/2026\/04\/c-chat-150x150.jpg 150w, https:\/\/centerstore.es\/wp-content\/uploads\/2026\/04\/c-chat-768x768.jpg 768w, https:\/\/centerstore.es\/wp-content\/uploads\/2026\/04\/c-chat.jpg 1181w\" sizes=\"(max-width: 300px) 100vw, 300px\" \/>\t\t\t\t\t\t\t\t\t\t\t\t\t\t\t<\/div>\n\t\t\t\t\t<\/div>\n\t\t\t\t<\/div>\n\t\t<div class=\"elementor-element elementor-element-642c747 e-flex e-con-boxed e-con e-parent\" data-id=\"642c747\" data-element_type=\"container\" data-e-type=\"container\">\n\t\t\t\t\t<div class=\"e-con-inner\">\n\t\t\t\t<div class=\"elementor-element elementor-element-bf7e675 elementor-widget elementor-widget-heading\" data-id=\"bf7e675\" data-element_type=\"widget\" data-e-type=\"widget\" data-widget_type=\"heading.default\">\n\t\t\t\t\t<h2 class=\"elementor-heading-title elementor-size-default\">CURSO DE IA CON ChatGPT<\/h2>\t\t\t\t<\/div>\n\t\t\t\t\t<\/div>\n\t\t\t\t<\/div>\n\t\t<div class=\"elementor-element elementor-element-76b4f117 e-flex e-con-boxed e-con e-parent\" data-id=\"76b4f117\" data-element_type=\"container\" data-e-type=\"container\">\n\t\t\t\t\t<div class=\"e-con-inner\">\n\t\t\t\t<div class=\"elementor-element elementor-element-9ea4d90 elementor-widget-divider--view-line elementor-widget elementor-widget-divider\" data-id=\"9ea4d90\" data-element_type=\"widget\" data-e-type=\"widget\" data-widget_type=\"divider.default\">\n\t\t\t\t\t\t\t<div class=\"elementor-divider\">\n\t\t\t<span class=\"elementor-divider-separator\">\n\t\t\t\t\t\t<\/span>\n\t\t<\/div>\n\t\t\t\t\t\t<\/div>\n\t\t\t\t<div class=\"elementor-element elementor-element-76cad02c elementor-widget elementor-widget-text-editor\" data-id=\"76cad02c\" data-element_type=\"widget\" data-e-type=\"widget\" data-widget_type=\"text-editor.default\">\n\t\t\t\t\t\t\t\t\t<style>\na {\n    text-decoration: none;\n    color: #464feb;\n}\ntr th, tr td {\n    border: 1px solid #e6e6e6;\n}\ntr th {\n    background-color: #f5f5f5;\n}\n<\/style>\n<div>\n<h2><strong>M\u00f3dulo 1 \u00b7 Fundamentos de la IA Generativa<\/strong><\/h2>\n<ul>\n \t<li>Conceptos clave: LLM, tokens, embeddings y modelos transformadores<\/li>\n \t<li>Versiones de ChatGPT y sus capacidades<\/li>\n \t<li>Limitaciones t\u00e9cnicas y buenas pr\u00e1cticas de uso<\/li>\n \t<li>Arquitectura general de los modelos y funcionamiento del prompting<\/li>\n<\/ul>\n\n\n\n<h2><strong>M\u00f3dulo 2 \u00b7 Prompt Engineering Avanzado<\/strong><\/h2>\n<ul>\n \t<li>Dise\u00f1o de prompts efectivos: estructura, intenci\u00f3n y tono<\/li>\n \t<li>T\u00e9cnicas avanzadas: <em>Chain of Thought<\/em>, <em>Tree of Thought<\/em> y <em>Few-Shot<\/em><\/li>\n \t<li>Roles y sistemas: construcci\u00f3n de instrucciones profesionales<\/li>\n \t<li>Manejo de restricciones, formatos espec\u00edficos y outputs complejos<\/li>\n<\/ul>\n\n\n\n<h2><strong>M\u00f3dulo 3 \u00b7 Automatizaci\u00f3n y Flujo de Trabajo Profesional<\/strong><\/h2>\n<ul>\n \t<li>Dise\u00f1o de flujos de trabajo asistidos por IA<\/li>\n \t<li>Optimizaci\u00f3n de procesos empresariales con ChatGPT<\/li>\n \t<li>Integraci\u00f3n de plantillas, macros, instrucciones persistentes y workflows<\/li>\n \t<li>Estructuraci\u00f3n de tareas repetitivas mediante prompts reutilizables<\/li>\n<\/ul>\n\n\n\n<h2><strong>M\u00f3dulo 4 \u00b7 Creaci\u00f3n de Contenidos con IA<\/strong><\/h2>\n<ul>\n \t<li>Redacci\u00f3n t\u00e9cnica, comercial y creativa<\/li>\n \t<li>Desarrollo de guiones, copywriting y comunicaci\u00f3n corporativa<\/li>\n \t<li>Generaci\u00f3n de documentos profesionales: informes, presentaciones, manuales<\/li>\n \t<li>Optimizaci\u00f3n SEO, metadatos y textos estructurados<\/li>\n<\/ul>\n\n\n\n<h2><strong>M\u00f3dulo 5 \u00b7 An\u00e1lisis de Datos y Documentos<\/strong><\/h2>\n<ul>\n \t<li>Resumen, clasificaci\u00f3n y extracci\u00f3n avanzada de informaci\u00f3n<\/li>\n \t<li>Interpretaci\u00f3n de textos largos y documentos t\u00e9cnicos<\/li>\n \t<li>Transformaci\u00f3n de contenido: reescritura, simplificaci\u00f3n y traducciones<\/li>\n \t<li>Generaci\u00f3n de tablas, esquemas y estructuras complejas<\/li>\n<\/ul>\n\n\n\n<h2><strong>M\u00f3dulo 6 \u00b7 Integraci\u00f3n con Herramientas Externas<\/strong><\/h2>\n<ul>\n \t<li>Uso de ChatGPT junto a Excel, Word y PowerPoint<\/li>\n \t<li>Flujos de trabajo para redes sociales y herramientas de marketing<\/li>\n \t<li>Automatizaci\u00f3n con APIs y asistentes digitales<\/li>\n \t<li>Generaci\u00f3n de prompts para ilustraci\u00f3n y dise\u00f1o (DALL\u00b7E u otros modelos)<\/li>\n<\/ul>\n\n\n\n<h2><strong>M\u00f3dulo 7 \u00b7 Seguridad, Privacidad y \u00c9tica en IA<\/strong><\/h2>\n<ul>\n \t<li>Uso responsable de la IA<\/li>\n \t<li>Gesti\u00f3n de informaci\u00f3n sensible y protecci\u00f3n de datos<\/li>\n \t<li>Sesgos en modelos generativos y c\u00f3mo mitigarlos<\/li>\n \t<li>Verificaci\u00f3n de informaci\u00f3n y reducci\u00f3n de errores del modelo<\/li>\n<\/ul>\n\n\n\n<h2><strong>M\u00f3dulo 8 \u00b7 Casos de Uso Avanzados por Sector<\/strong><\/h2>\n<ul>\n \t<li>Aplicaciones en formaci\u00f3n y educaci\u00f3n<\/li>\n \t<li>Productividad empresarial y atenci\u00f3n al cliente<\/li>\n \t<li>Marketing, dise\u00f1o, programaci\u00f3n y gesti\u00f3n documental<\/li>\n \t<li>Desarrollo de asistentes personalizados para tareas espec\u00edficas<\/li>\n<\/ul>\n\n\n\n<h2><strong>M\u00f3dulo 9 \u00b7 Proyecto Final<\/strong><\/h2>\n<ul>\n \t<li>Dise\u00f1o de un asistente o flujo de trabajo personalizado<\/li>\n \t<li>Documentaci\u00f3n profesional del proyecto<\/li>\n \t<li>Presentaci\u00f3n y evaluaci\u00f3n seg\u00fan est\u00e1ndares de productividad<\/li>\n \t<li>Optimizaci\u00f3n final del sistema creado<\/li>\n<\/ul>\n<\/div>\t\t\t\t\t\t\t\t<\/div>\n\t\t\t\t\t<\/div>\n\t\t\t\t<\/div>\n\t\t<div class=\"elementor-element elementor-element-39d0803 e-flex e-con-boxed e-con e-parent\" data-id=\"39d0803\" data-element_type=\"container\" data-e-type=\"container\">\n\t\t\t\t\t<div class=\"e-con-inner\">\n\t\t\t\t<div class=\"elementor-element elementor-element-249e109d elementor-align-center elementor-widget elementor-widget-button\" data-id=\"249e109d\" data-element_type=\"widget\" data-e-type=\"widget\" data-widget_type=\"button.default\">\n\t\t\t\t\t\t\t\t\t\t<a class=\"elementor-button elementor-button-link elementor-size-sm\" href=\"https:\/\/centerstore.es\/index.php\/contacto-2\/\">\n\t\t\t\t\t\t<span class=\"elementor-button-content-wrapper\">\n\t\t\t\t\t\t\t\t\t<span class=\"elementor-button-text\">REGISTRATE<\/span>\n\t\t\t\t\t<\/span>\n\t\t\t\t\t<\/a>\n\t\t\t\t\t\t\t\t<\/div>\n\t\t\t\t\t<\/div>\n\t\t\t\t<\/div>\n\t\t<div class=\"elementor-element elementor-element-17f8cba1 e-flex e-con-boxed e-con e-parent\" data-id=\"17f8cba1\" data-element_type=\"container\" data-e-type=\"container\">\n\t\t\t\t\t<div class=\"e-con-inner\">\n\t\t\t\t<div class=\"elementor-element elementor-element-59c9201a elementor-widget-divider--view-line elementor-widget elementor-widget-divider\" data-id=\"59c9201a\" data-element_type=\"widget\" data-e-type=\"widget\" data-widget_type=\"divider.default\">\n\t\t\t\t\t\t\t<div class=\"elementor-divider\">\n\t\t\t<span class=\"elementor-divider-separator\">\n\t\t\t\t\t\t<\/span>\n\t\t<\/div>\n\t\t\t\t\t\t<\/div>\n\t\t\t\t\t<\/div>\n\t\t\t\t<\/div>\n\t\t\t\t<\/div>\n\t\t","protected":false},"excerpt":{"rendered":"<p>CURSO DE IA CON ChatGPT M\u00f3dulo 1 \u00b7 Fundamentos de la IA Generativa Conceptos clave: LLM, tokens, embeddings y modelos transformadores Versiones de ChatGPT y sus capacidades Limitaciones t\u00e9cnicas y buenas pr\u00e1cticas de uso Arquitectura general de los modelos y funcionamiento del prompting M\u00f3dulo 2 \u00b7 Prompt Engineering Avanzado Dise\u00f1o de prompts efectivos: estructura, intenci\u00f3n [&hellip;]<\/p>\n","protected":false},"author":1,"featured_media":0,"parent":0,"menu_order":0,"comment_status":"closed","ping_status":"closed","template":"elementor_header_footer","meta":{"footnotes":""},"class_list":["post-1325","page","type-page","status-publish","hentry"],"_links":{"self":[{"href":"https:\/\/centerstore.es\/index.php\/wp-json\/wp\/v2\/pages\/1325","targetHints":{"allow":["GET"]}}],"collection":[{"href":"https:\/\/centerstore.es\/index.php\/wp-json\/wp\/v2\/pages"}],"about":[{"href":"https:\/\/centerstore.es\/index.php\/wp-json\/wp\/v2\/types\/page"}],"author":[{"embeddable":true,"href":"https:\/\/centerstore.es\/index.php\/wp-json\/wp\/v2\/users\/1"}],"replies":[{"embeddable":true,"href":"https:\/\/centerstore.es\/index.php\/wp-json\/wp\/v2\/comments?post=1325"}],"version-history":[{"count":7,"href":"https:\/\/centerstore.es\/index.php\/wp-json\/wp\/v2\/pages\/1325\/revisions"}],"predecessor-version":[{"id":1363,"href":"https:\/\/centerstore.es\/index.php\/wp-json\/wp\/v2\/pages\/1325\/revisions\/1363"}],"wp:attachment":[{"href":"https:\/\/centerstore.es\/index.php\/wp-json\/wp\/v2\/media?parent=1325"}],"curies":[{"name":"wp","href":"https:\/\/api.w.org\/{rel}","templated":true}]}}